{"id":1639,"date":"2023-11-15T18:55:17","date_gmt":"2023-11-15T18:55:17","guid":{"rendered":"https:\/\/condominios.com.br\/?page_id=1639"},"modified":"2023-11-18T15:07:49","modified_gmt":"2023-11-18T15:07:49","slug":"wordpress-feed","status":"publish","type":"page","link":"https:\/\/condominios.com.br\/","title":{"rendered":"RSS"},"content":{"rendered":"<div class=\"feedzy-852db4d6a7b492e77e332de2756e5648 feedzy-rss\"><ul><li  style=\"padding: 12px 0 20px\" class=\"rss_item\"><div class=\"rss_image\" style=\"width:120px; height:120px;\"><a href=\"https:\/\/condo.news\/noticias-do-mercado\/quando-optar-por-um-financiamento-consorcio-ou-pagamento-a-vista\/\" target=\"_blank\" rel=\" noopener\" title=\"Quando optar por um financiamento, cons\u00f3rcio ou pagamento \u00e0 vista\" style=\"width:120px; height:120px;\"><span class=\"fetched\" style=\"background-image:  url('https:\/\/condo.news\/wp-content\/uploads\/2026\/04\/chave-imovel-condonews.jpg');\" title=\"Quando optar por um financiamento, cons\u00f3rcio ou pagamento \u00e0 vista\"><\/span><amp-img width=\"120\" height=\"120\" src=\"https:\/\/condo.news\/wp-content\/uploads\/2026\/04\/chave-imovel-condonews.jpg\"><\/a><\/div><span class=\"title\"><a href=\"https:\/\/condo.news\/noticias-do-mercado\/quando-optar-por-um-financiamento-consorcio-ou-pagamento-a-vista\/\" target=\"_blank\" rel=\" noopener\">Quando optar por um financiamento, cons\u00f3rcio ou pagamento \u00e0 vista<\/a><\/span><div class=\"rss_content\" style=\"\"><small>by <a href=\"\/\/condo.news\" target=\"_blank\" title=\"condo.news\">Luana Clara<\/a> on April 24, 2026 at 3:15 am <\/small><p>Entenda qual modelo faz sentido para voc\u00ea<\/p><\/div><\/li><li  style=\"padding: 12px 0 20px\" class=\"rss_item\"><div class=\"rss_image\" style=\"width:120px; height:120px;\"><a href=\"https:\/\/condo.news\/noticias-do-mercado\/muro-de-14-metros-em-minas-gerais-viraliza-e-expoe-limites-do-direito-de-construir-no-brasil\/\" target=\"_blank\" rel=\" noopener\" title=\"Muro de 14 metros em Minas Gerais viraliza e exp\u00f5e limites do direito de construir no Brasil\" style=\"width:120px; height:120px;\"><span class=\"fetched\" style=\"background-image:  url('https:\/\/condo.news\/wp-content\/uploads\/2026\/04\/Captura-de-tela-2026-04-23-153415.png');\" title=\"Muro de 14 metros em Minas Gerais viraliza e exp\u00f5e limites do direito de construir no Brasil\"><\/span><amp-img width=\"120\" height=\"120\" src=\"https:\/\/condo.news\/wp-content\/uploads\/2026\/04\/Captura-de-tela-2026-04-23-153415.png\"><\/a><\/div><span class=\"title\"><a href=\"https:\/\/condo.news\/noticias-do-mercado\/muro-de-14-metros-em-minas-gerais-viraliza-e-expoe-limites-do-direito-de-construir-no-brasil\/\" target=\"_blank\" rel=\" noopener\">Muro de 14 metros em Minas Gerais viraliza e exp\u00f5e limites do direito de construir no Brasil<\/a><\/span><div class=\"rss_content\" style=\"\"><small>by <a href=\"\/\/condo.news\" target=\"_blank\" title=\"condo.news\">Luana Clara<\/a> on April 23, 2026 at 6:36 pm <\/small><p>Entenda at\u00e9 onde vai o direito \u00e0 privacidade<\/p><\/div><\/li><li  style=\"padding: 12px 0 20px\" class=\"rss_item\"><div class=\"rss_image\" style=\"width:120px; height:120px;\"><a href=\"https:\/\/condo.news\/financas\/quintoandar-quitara-cota-condominial-em-caso-de-inadimplencia-do-inquilino\/\" target=\"_blank\" rel=\" noopener\" title=\"QuintoAndar quitar\u00e1 cota condominial em caso de inadimpl\u00eancia do inquilino\" style=\"width:120px; height:120px;\"><span class=\"fetched\" style=\"background-image:  url('https:\/\/condo.news\/wp-content\/uploads\/2026\/04\/unnamed-2.jpg');\" title=\"QuintoAndar quitar\u00e1 cota condominial em caso de inadimpl\u00eancia do inquilino\"><\/span><amp-img width=\"120\" height=\"120\" src=\"https:\/\/condo.news\/wp-content\/uploads\/2026\/04\/unnamed-2.jpg\"><\/a><\/div><span class=\"title\"><a href=\"https:\/\/condo.news\/financas\/quintoandar-quitara-cota-condominial-em-caso-de-inadimplencia-do-inquilino\/\" target=\"_blank\" rel=\" noopener\">QuintoAndar quitar\u00e1 cota condominial em caso de inadimpl\u00eancia do inquilino<\/a><\/span><div class=\"rss_content\" style=\"\"><small>by <a href=\"\/\/condo.news\" target=\"_blank\" title=\"condo.news\">Luana Clara<\/a> on April 22, 2026 at 1:51 pm <\/small><p>Entenda como esta funcionalidade vai impactar na sa\u00fade financeira do seu condom\u00ednio<\/p><\/div><\/li><li  style=\"padding: 12px 0 20px\" class=\"rss_item\"><div class=\"rss_image\" style=\"width:120px; height:120px;\"><a href=\"https:\/\/condo.news\/inovacao-e-tecnologia\/quatro-solucoes-de-ia-preditiva-de-inadimplencia-condominial-para-2026\/\" target=\"_blank\" rel=\" noopener\" title=\"Quatro solu\u00e7\u00f5es de IA preditiva de inadimpl\u00eancia condominial para 2026\" style=\"width:120px; height:120px;\"><span class=\"fetched\" style=\"background-image:  url('https:\/\/condo.news\/wp-content\/uploads\/2026\/04\/sindica_tecnologia_ia-preditiva_inteligencia-artificial_condonews.jpg');\" title=\"Quatro solu\u00e7\u00f5es de IA preditiva de inadimpl\u00eancia condominial para 2026\"><\/span><amp-img width=\"120\" height=\"120\" src=\"https:\/\/condo.news\/wp-content\/uploads\/2026\/04\/sindica_tecnologia_ia-preditiva_inteligencia-artificial_condonews.jpg\"><\/a><\/div><span class=\"title\"><a href=\"https:\/\/condo.news\/inovacao-e-tecnologia\/quatro-solucoes-de-ia-preditiva-de-inadimplencia-condominial-para-2026\/\" target=\"_blank\" rel=\" noopener\">Quatro solu\u00e7\u00f5es de IA preditiva de inadimpl\u00eancia condominial para 2026<\/a><\/span><div class=\"rss_content\" style=\"\"><small>by <a href=\"\/\/condo.news\" target=\"_blank\" title=\"condo.news\">Luana Clara<\/a> on April 21, 2026 at 3:00 am <\/small><p>Conhe\u00e7a as solu\u00e7\u00f5es mais interessantes do mercado<\/p><\/div><\/li><li  style=\"padding: 12px 0 20px\" class=\"rss_item\"><div class=\"rss_image\" style=\"width:120px; height:120px;\"><a href=\"https:\/\/condo.news\/manutencao-predial\/sistemas-obsoletos-de-climatizacao-pesam-no-caixa-e-na-lei\/\" target=\"_blank\" rel=\" noopener\" title=\"Sistemas obsoletos de climatiza\u00e7\u00e3o pesam no caixa e na lei\" style=\"width:120px; height:120px;\"><span class=\"fetched\" style=\"background-image:  url('https:\/\/condo.news\/wp-content\/uploads\/2024\/12\/sistema-de-climatizacao_condonews.jpg');\" title=\"Sistemas obsoletos de climatiza\u00e7\u00e3o pesam no caixa e na lei\"><\/span><amp-img width=\"120\" height=\"120\" src=\"https:\/\/condo.news\/wp-content\/uploads\/2024\/12\/sistema-de-climatizacao_condonews.jpg\"><\/a><\/div><span class=\"title\"><a href=\"https:\/\/condo.news\/manutencao-predial\/sistemas-obsoletos-de-climatizacao-pesam-no-caixa-e-na-lei\/\" target=\"_blank\" rel=\" noopener\">Sistemas obsoletos de climatiza\u00e7\u00e3o pesam no caixa e na lei<\/a><\/span><div class=\"rss_content\" style=\"\"><small>by <a href=\"\/\/condo.news\" target=\"_blank\" title=\"condo.news\">Luana Clara<\/a> on April 21, 2026 at 1:42 am <\/small><p>Confira os cuidados com o bolso e a sa\u00fade<\/p><\/div><\/li><li  style=\"padding: 12px 0 20px\" class=\"rss_item\"><div class=\"rss_image\" style=\"width:120px; height:120px;\"><a href=\"https:\/\/condo.news\/direito-condominial\/como-resolver-briga-por-vaga-de-garagem\/\" target=\"_blank\" rel=\" noopener\" title=\"Como resolver briga por vaga de garagem\" style=\"width:120px; height:120px;\"><span class=\"fetched\" style=\"background-image:  url('https:\/\/condo.news\/wp-content\/uploads\/2026\/04\/vaga-de-garagem_condonews.jpg');\" title=\"Como resolver briga por vaga de garagem\"><\/span><amp-img width=\"120\" height=\"120\" src=\"https:\/\/condo.news\/wp-content\/uploads\/2026\/04\/vaga-de-garagem_condonews.jpg\"><\/a><\/div><span class=\"title\"><a href=\"https:\/\/condo.news\/direito-condominial\/como-resolver-briga-por-vaga-de-garagem\/\" target=\"_blank\" rel=\" noopener\">Como resolver briga por vaga de garagem<\/a><\/span><div class=\"rss_content\" style=\"\"><small>by <a href=\"\/\/condo.news\" target=\"_blank\" title=\"condo.news\">Luana Clara<\/a> on April 20, 2026 at 2:04 am <\/small><p>Confira os tipos de uso de garagem e escolha o melhor para o seu condom\u00ednio<\/p><\/div><\/li><li  style=\"padding: 12px 0 20px\" class=\"rss_item\"><div class=\"rss_image\" style=\"width:120px; height:120px;\"><a href=\"https:\/\/condo.news\/financas\/conta-de-agua-representa-ate-45-das-despesas-condominiais-no-rio\/\" target=\"_blank\" rel=\" noopener\" title=\"Conta de \u00e1gua representa at\u00e9 45% das despesas condominiais no Rio\" style=\"width:120px; height:120px;\"><span class=\"fetched\" style=\"background-image:  url('https:\/\/condo.news\/wp-content\/uploads\/2022\/01\/caixa-d-agua-1.jpg');\" title=\"Conta de \u00e1gua representa at\u00e9 45% das despesas condominiais no Rio\"><\/span><amp-img width=\"120\" height=\"120\" src=\"https:\/\/condo.news\/wp-content\/uploads\/2022\/01\/caixa-d-agua-1.jpg\"><\/a><\/div><span class=\"title\"><a href=\"https:\/\/condo.news\/financas\/conta-de-agua-representa-ate-45-das-despesas-condominiais-no-rio\/\" target=\"_blank\" rel=\" noopener\">Conta de \u00e1gua representa at\u00e9 45% das despesas condominiais no Rio<\/a><\/span><div class=\"rss_content\" style=\"\"><small>by <a href=\"\/\/condo.news\" target=\"_blank\" title=\"condo.news\">Luana Clara<\/a> on April 19, 2026 at 2:12 am <\/small><p>Saiba mais sobre esse movimento que visa combater as cobran\u00e7as abusivas<\/p><\/div><\/li><li  style=\"padding: 12px 0 20px\" class=\"rss_item\"><div class=\"rss_image\" style=\"width:120px; height:120px;\"><a href=\"https:\/\/condo.news\/manutencao-predial\/como-o-paisagismo-transforma-a-experiencia-de-morar\/\" target=\"_blank\" rel=\" noopener\" title=\"Como o paisagismo transforma a experi\u00eancia de morar\" style=\"width:120px; height:120px;\"><span class=\"fetched\" style=\"background-image:  url('https:\/\/condo.news\/wp-content\/uploads\/2026\/04\/Obra-assinada-pela-paisagista-Bruna-Lucchesi-1.jpeg');\" title=\"Como o paisagismo transforma a experi\u00eancia de morar\"><\/span><amp-img width=\"120\" height=\"120\" src=\"https:\/\/condo.news\/wp-content\/uploads\/2026\/04\/Obra-assinada-pela-paisagista-Bruna-Lucchesi-1.jpeg\"><\/a><\/div><span class=\"title\"><a href=\"https:\/\/condo.news\/manutencao-predial\/como-o-paisagismo-transforma-a-experiencia-de-morar\/\" target=\"_blank\" rel=\" noopener\">Como o paisagismo transforma a experi\u00eancia de morar<\/a><\/span><div class=\"rss_content\" style=\"\"><small>by <a href=\"\/\/condo.news\" target=\"_blank\" title=\"condo.news\">Luana Clara<\/a> on April 17, 2026 at 3:00 am <\/small><p>Confira como o verde est\u00e1 mudando a rela\u00e7\u00e3o dos moradoresm com as \u00e1reas comuns<\/p><\/div><\/li><li  style=\"padding: 12px 0 20px\" class=\"rss_item\"><div class=\"rss_image\" style=\"width:120px; height:120px;\"><a href=\"https:\/\/condo.news\/financas\/taxa-de-condominio-tem-alta-de-25-no-pais\/\" target=\"_blank\" rel=\" noopener\" title=\"Taxa de condom\u00ednio tem alta de 25% no pa\u00eds\" style=\"width:120px; height:120px;\"><span class=\"fetched\" style=\"background-image:  url('https:\/\/condo.news\/wp-content\/uploads\/2026\/04\/condominio_condonews-3.jpg');\" title=\"Taxa de condom\u00ednio tem alta de 25% no pa\u00eds\"><\/span><amp-img width=\"120\" height=\"120\" src=\"https:\/\/condo.news\/wp-content\/uploads\/2026\/04\/condominio_condonews-3.jpg\"><\/a><\/div><span class=\"title\"><a href=\"https:\/\/condo.news\/financas\/taxa-de-condominio-tem-alta-de-25-no-pais\/\" target=\"_blank\" rel=\" noopener\">Taxa de condom\u00ednio tem alta de 25% no pa\u00eds<\/a><\/span><div class=\"rss_content\" style=\"\"><small>by <a href=\"\/\/condo.news\" target=\"_blank\" title=\"condo.news\">Luana Clara<\/a> on April 16, 2026 at 11:39 am <\/small><p>Confira os cuidados para que o aumento n\u00e3o seja visto como ilegal<\/p><\/div><\/li><li  style=\"padding: 12px 0 20px\" class=\"rss_item\"><div class=\"rss_image\" style=\"width:120px; height:120px;\"><a href=\"https:\/\/condo.news\/noticias-do-mercado\/como-deve-ser-a-transicao-de-um-sindico-morador-para-um-profissional\/\" target=\"_blank\" rel=\" noopener\" title=\"Como deve ser a transi\u00e7\u00e3o de um s\u00edndico morador para um profissional?\" style=\"width:120px; height:120px;\"><span class=\"fetched\" style=\"background-image:  url('https:\/\/condo.news\/wp-content\/uploads\/2026\/04\/sindicos_acordo_aperto-de-mao_condonews.jpg');\" title=\"Como deve ser a transi\u00e7\u00e3o de um s\u00edndico morador para um profissional?\"><\/span><amp-img width=\"120\" height=\"120\" src=\"https:\/\/condo.news\/wp-content\/uploads\/2026\/04\/sindicos_acordo_aperto-de-mao_condonews.jpg\"><\/a><\/div><span class=\"title\"><a href=\"https:\/\/condo.news\/noticias-do-mercado\/como-deve-ser-a-transicao-de-um-sindico-morador-para-um-profissional\/\" target=\"_blank\" rel=\" noopener\">Como deve ser a transi\u00e7\u00e3o de um s\u00edndico morador para um profissional?<\/a><\/span><div class=\"rss_content\" style=\"\"><small>by <a href=\"\/\/condo.news\" target=\"_blank\" title=\"condo.news\">Colunista Convidado<\/a> on April 15, 2026 at 3:22 am <\/small><p>Confira os cuidados necess\u00e1rios nessa transi\u00e7\u00e3o de cargos<\/p><\/div><\/li><\/ul> <\/div><style type=\"text\/css\" media=\"all\">.feedzy-rss .rss_item .rss_image{float:left;position:relative;border:none;text-decoration:none;max-width:100%}.feedzy-rss .rss_item .rss_image span{display:inline-block;position:absolute;width:100%;height:100%;background-position:50%;background-size:cover}.feedzy-rss .rss_item .rss_image{margin:.3em 1em 0 0;content-visibility:auto}.feedzy-rss ul{list-style:none}.feedzy-rss ul li{display:inline-block}<\/style>","protected":false},"excerpt":{"rendered":"","protected":false},"author":1,"featured_media":0,"parent":0,"menu_order":0,"comment_status":"closed","ping_status":"closed","template":"","meta":{"_uag_custom_page_level_css":"","site-sidebar-layout":"default","site-content-layout":"","ast-site-content-layout":"default","site-content-style":"default","site-sidebar-style":"default","ast-global-header-display":"","ast-banner-title-visibility":"","ast-main-header-display":"","ast-hfb-above-header-display":"","ast-hfb-below-header-display":"","ast-hfb-mobile-header-display":"","site-post-title":"disabled","ast-breadcrumbs-content":"","ast-featured-img":"","footer-sml-layout":"","theme-transparent-header-meta":"","adv-header-id-meta":"","stick-header-meta":"","header-above-stick-meta":"","header-main-stick-meta":"","header-below-stick-meta":"","astra-migrate-meta-layouts":"set","ast-page-background-enabled":"default","ast-page-background-meta":{"desktop":{"background-color":"","background-image":"","background-repeat":"repeat","background-position":"center center","background-size":"auto","background-attachment":"scroll","background-type":"","background-media":"","overlay-type":"","overlay-color":"","overlay-gradient":""},"tablet":{"background-color":"","background-image":"","background-repeat":"repeat","background-position":"center center","background-size":"auto","background-attachment":"scroll","background-type":"","background-media":"","overlay-type":"","overlay-color":"","overlay-gradient":""},"mobile":{"background-color":"","background-image":"","background-repeat":"repeat","background-position":"center center","background-size":"auto","background-attachment":"scroll","background-type":"","background-media":"","overlay-type":"","overlay-color":"","overlay-gradient":""}},"ast-content-background-meta":{"desktop":{"background-color":"var(--ast-global-color-5)","background-image":"","background-repeat":"repeat","background-position":"center center","background-size":"auto","background-attachment":"scroll","background-type":"","background-media":"","overlay-type":"","overlay-color":"","overlay-gradient":""},"tablet":{"background-color":"var(--ast-global-color-5)","background-image":"","background-repeat":"repeat","background-position":"center center","background-size":"auto","background-attachment":"scroll","background-type":"","background-media":"","overlay-type":"","overlay-color":"","overlay-gradient":""},"mobile":{"background-color":"var(--ast-global-color-5)","background-image":"","background-repeat":"repeat","background-position":"center center","background-size":"auto","background-attachment":"scroll","background-type":"","background-media":"","overlay-type":"","overlay-color":"","overlay-gradient":""}},"footnotes":""},"aioseo_notices":[],"uagb_featured_image_src":{"full":false,"thumbnail":false,"medium":false,"medium_large":false,"large":false,"1536x1536":false,"2048x2048":false},"uagb_author_info":{"display_name":"uniaosocialcondoominio","author_link":"https:\/\/condominios.com.br\/index.php\/author\/uniaosocialcondoominio\/"},"uagb_comment_info":0,"uagb_excerpt":null,"_links":{"self":[{"href":"https:\/\/condominios.com.br\/index.php\/wp-json\/wp\/v2\/pages\/1639"}],"collection":[{"href":"https:\/\/condominios.com.br\/index.php\/wp-json\/wp\/v2\/pages"}],"about":[{"href":"https:\/\/condominios.com.br\/index.php\/wp-json\/wp\/v2\/types\/page"}],"author":[{"embeddable":true,"href":"https:\/\/condominios.com.br\/index.php\/wp-json\/wp\/v2\/users\/1"}],"replies":[{"embeddable":true,"href":"https:\/\/condominios.com.br\/index.php\/wp-json\/wp\/v2\/comments?post=1639"}],"version-history":[{"count":4,"href":"https:\/\/condominios.com.br\/index.php\/wp-json\/wp\/v2\/pages\/1639\/revisions"}],"predecessor-version":[{"id":2239,"href":"https:\/\/condominios.com.br\/index.php\/wp-json\/wp\/v2\/pages\/1639\/revisions\/2239"}],"wp:attachment":[{"href":"https:\/\/condominios.com.br\/index.php\/wp-json\/wp\/v2\/media?parent=1639"}],"curies":[{"name":"wp","href":"https:\/\/api.w.org\/{rel}","templated":true}]}}